{"id":13,"date":"2026-04-22T07:05:31","date_gmt":"2026-04-22T07:05:31","guid":{"rendered":"https:\/\/penttiojala.ngmprojektit.fi\/?page_id=13"},"modified":"2026-04-22T11:54:19","modified_gmt":"2026-04-22T11:54:19","slug":"etusivu","status":"publish","type":"page","link":"https:\/\/penttiojala.ngmprojektit.fi\/","title":{"rendered":"Etusivu"},"content":{"rendered":"\t\t<div data-elementor-type=\"wp-page\" data-elementor-id=\"13\" class=\"elementor elementor-13\" data-elementor-post-type=\"page\">\n\t\t\t\t\t\t<section class=\"elementor-section elementor-top-section elementor-element elementor-element-902c662 elementor-section-boxed elementor-section-height-default elementor-section-height-default\" data-id=\"902c662\" data-element_type=\"section\" data-e-type=\"section\" data-settings=\"{&quot;background_background&quot;:&quot;classic&quot;}\">\n\t\t\t\t\t\t\t<div class=\"elementor-background-overlay\"><\/div>\n\t\t\t\t\t\t\t<div class=\"elementor-container elementor-column-gap-default\">\n\t\t\t\t\t<div class=\"elementor-column elementor-col-100 elementor-top-column elementor-element elementor-element-9b75d85\" data-id=\"9b75d85\" data-element_type=\"column\" data-e-type=\"column\">\n\t\t\t<div class=\"elementor-widget-wrap elementor-element-populated\">\n\t\t\t\t\t\t<div class=\"elementor-element elementor-element-7a8c6b3 elementor-widget elementor-widget-heading\" data-id=\"7a8c6b3\" data-element_type=\"widget\" data-e-type=\"widget\" data-widget_type=\"heading.default\">\n\t\t\t\t\t<h2 class=\"elementor-heading-title elementor-size-default\">Kuljetusliike Pentti Ojala Ky<\/h2>\t\t\t\t<\/div>\n\t\t\t\t<div class=\"elementor-element elementor-element-4e52b09 elementor-widget elementor-widget-heading\" data-id=\"4e52b09\" data-element_type=\"widget\" data-e-type=\"widget\" data-widget_type=\"heading.default\">\n\t\t\t\t\t<h2 class=\"elementor-heading-title elementor-size-default\">Luotettava kuljetusliike sopimus\u00adkumppanina<\/h2>\t\t\t\t<\/div>\n\t\t\t\t<div class=\"elementor-element elementor-element-470cd5c elementor-widget elementor-widget-text-editor\" data-id=\"470cd5c\" data-element_type=\"widget\" data-e-type=\"widget\" data-widget_type=\"text-editor.default\">\n\t\t\t\t\t\t\t\t\t<p>Vuosikymmeni\u00e4 toiminut perheyrityksemme huolehtii toimeksiantajiemme kuljetustarpeista Suomen p\u00e4\u00e4st\u00e4 p\u00e4\u00e4h\u00e4n.\u00a0<\/p>\t\t\t\t\t\t\t\t<\/div>\n\t\t\t\t<div class=\"elementor-element elementor-element-478b74e elementor-align-right elementor-widget__width-initial elementor-widget elementor-widget-button\" data-id=\"478b74e\" data-element_type=\"widget\" data-e-type=\"widget\" data-widget_type=\"button.default\">\n\t\t\t\t\t\t\t\t\t\t<a class=\"elementor-button elementor-button-link elementor-size-sm elementor-animation-shrink\" href=\"#\">\n\t\t\t\t\t\t<span class=\"elementor-button-content-wrapper\">\n\t\t\t\t\t\t\t\t\t<span class=\"elementor-button-text\">Pyyd\u00e4 tarjous<\/span>\n\t\t\t\t\t<\/span>\n\t\t\t\t\t<\/a>\n\t\t\t\t\t\t\t\t<\/div>\n\t\t\t\t<div class=\"elementor-element elementor-element-f4d7608 elementor-align-left elementor-widget__width-initial elementor-widget elementor-widget-button\" data-id=\"f4d7608\" data-element_type=\"widget\" data-e-type=\"widget\" data-widget_type=\"button.default\">\n\t\t\t\t\t\t\t\t\t\t<a class=\"elementor-button elementor-button-link elementor-size-sm elementor-animation-shrink\" href=\"#\">\n\t\t\t\t\t\t<span class=\"elementor-button-content-wrapper\">\n\t\t\t\t\t\t\t\t\t<span class=\"elementor-button-text\">Tutustu s\u00e4ili\u00f6kuljetukseen<\/span>\n\t\t\t\t\t<\/span>\n\t\t\t\t\t<\/a>\n\t\t\t\t\t\t\t\t<\/div>\n\t\t\t\t\t<\/div>\n\t\t<\/div>\n\t\t\t\t\t<\/div>\n\t\t<\/section>\n\t\t\t\t<section class=\"elementor-section elementor-top-section elementor-element elementor-element-e40e31a elementor-section-boxed elementor-section-height-default elementor-section-height-default\" data-id=\"e40e31a\" data-element_type=\"section\" data-e-type=\"section\">\n\t\t\t\t\t\t<div class=\"elementor-container elementor-column-gap-default\">\n\t\t\t\t\t<div class=\"elementor-column elementor-col-100 elementor-top-column elementor-element elementor-element-70da572\" data-id=\"70da572\" data-element_type=\"column\" data-e-type=\"column\">\n\t\t\t<div class=\"elementor-widget-wrap elementor-element-populated\">\n\t\t\t\t\t\t<div class=\"elementor-element elementor-element-7816474 elementor-widget elementor-widget-heading\" data-id=\"7816474\" data-element_type=\"widget\" data-e-type=\"widget\" data-widget_type=\"heading.default\">\n\t\t\t\t\t<h2 class=\"elementor-heading-title elementor-size-default\">Kuljetusliike Pentti Ojala Ky | Puuppola | Jyv\u00e4skyl\u00e4\n<\/h2>\t\t\t\t<\/div>\n\t\t\t\t<div class=\"elementor-element elementor-element-201c0c8 elementor-widget elementor-widget-text-editor\" data-id=\"201c0c8\" data-element_type=\"widget\" data-e-type=\"widget\" data-widget_type=\"text-editor.default\">\n\t\t\t\t\t\t\t\t\t<p class=\"text-align-left\"><span class=\"\">Vuosikymmeni\u00e4 toiminut perheyrityksemme huolehtii toimeksiantajiemme kuljetustarpeista Suomen p\u00e4\u00e4st\u00e4 p\u00e4\u00e4h\u00e4n. Vankka kokemuksemme ja ketter\u00e4 palvelumme tarkoittavat, ett\u00e4 pystymme joustamaan esimerkiksi reittimuutoksissa nopeasti. Keskeinen sijainti Jyv\u00e4skyl\u00e4ss\u00e4 takaa kaluston tehokkaan liikkuvuuden laajalla alueella. Kuljettajia pystyt\u00e4\u00e4n vaihtamaan auton ohittaessa Jyv\u00e4skyl\u00e4n.<\/span><\/p><p class=\"text-align-left\">Nykyaikainen kalusto ja osaava, kokenut henkil\u00f6kunta takaavat, ett\u00e4 kuljetukset hoituvat kauttamme luotettavasti ja aikataulussa. S\u00e4ili\u00f6kuljetusten saralla olemme erikoistuneet tarkkuutta vaativien, vaarallistenkin nesteiden kuljetukseen.\u00a0<\/p>\t\t\t\t\t\t\t\t<\/div>\n\t\t\t\t<div class=\"elementor-element elementor-element-822513b elementor-align-left elementor-widget__width-initial elementor-widget elementor-widget-button\" data-id=\"822513b\" data-element_type=\"widget\" data-e-type=\"widget\" data-widget_type=\"button.default\">\n\t\t\t\t\t\t\t\t\t\t<a class=\"elementor-button elementor-button-link elementor-size-sm elementor-animation-shrink\" href=\"https:\/\/penttiojala.ngmprojektit.fi\/?page_id=44\">\n\t\t\t\t\t\t<span class=\"elementor-button-content-wrapper\">\n\t\t\t\t\t\t\t\t\t<span class=\"elementor-button-text\">Lue lis\u00e4\u00e4 yrityksest\u00e4<\/span>\n\t\t\t\t\t<\/span>\n\t\t\t\t\t<\/a>\n\t\t\t\t\t\t\t\t<\/div>\n\t\t\t\t<div class=\"elementor-element elementor-element-d8d9677 elementor-widget elementor-widget-gallery\" data-id=\"d8d9677\" data-element_type=\"widget\" data-e-type=\"widget\" data-settings=\"{&quot;columns&quot;:2,&quot;gallery_layout&quot;:&quot;grid&quot;,&quot;columns_tablet&quot;:2,&quot;columns_mobile&quot;:1,&quot;gap&quot;:{&quot;unit&quot;:&quot;px&quot;,&quot;size&quot;:10,&quot;sizes&quot;:[]},&quot;gap_tablet&quot;:{&quot;unit&quot;:&quot;px&quot;,&quot;size&quot;:10,&quot;sizes&quot;:[]},&quot;gap_mobile&quot;:{&quot;unit&quot;:&quot;px&quot;,&quot;size&quot;:10,&quot;sizes&quot;:[]},&quot;link_to&quot;:&quot;file&quot;,&quot;aspect_ratio&quot;:&quot;3:2&quot;,&quot;content_hover_animation&quot;:&quot;fade-in&quot;}\" data-widget_type=\"gallery.default\">\n\t\t\t\t\t\t\t<div class=\"elementor-gallery__container\">\n\t\t\t\t\t\t\t<a class=\"e-gallery-item elementor-gallery-item elementor-animated-content\" href=\"https:\/\/penttiojala.ngmprojektit.fi\/wp-content\/uploads\/2026\/04\/imgi_6_20200627_055041-a5d3d9dc-1920w.jpg\" data-elementor-open-lightbox=\"yes\" data-elementor-lightbox-slideshow=\"d8d9677\" data-elementor-lightbox-title=\"imgi_6_20200627_055041-a5d3d9dc-1920w\" data-e-action-hash=\"#elementor-action%3Aaction%3Dlightbox%26settings%3DeyJpZCI6MzgsInVybCI6Imh0dHBzOlwvXC9wZW50dGlvamFsYS5uZ21wcm9qZWt0aXQuZmlcL3dwLWNvbnRlbnRcL3VwbG9hZHNcLzIwMjZcLzA0XC9pbWdpXzZfMjAyMDA2MjdfMDU1MDQxLWE1ZDNkOWRjLTE5MjB3LmpwZyIsInNsaWRlc2hvdyI6ImQ4ZDk2NzcifQ%3D%3D\">\n\t\t\t\t\t<div class=\"e-gallery-image elementor-gallery-item__image\" data-thumbnail=\"https:\/\/penttiojala.ngmprojektit.fi\/wp-content\/uploads\/2026\/04\/imgi_6_20200627_055041-a5d3d9dc-1920w.jpg\" data-width=\"1920\" data-height=\"933\" aria-label=\"\" role=\"img\" ><\/div>\n\t\t\t\t\t\t\t\t\t\t\t\t\t\t<\/a>\n\t\t\t\t\t\t\t<a class=\"e-gallery-item elementor-gallery-item elementor-animated-content\" href=\"https:\/\/penttiojala.ngmprojektit.fi\/wp-content\/uploads\/2026\/04\/imgi_18_20200926_161546-1920w.jpg\" data-elementor-open-lightbox=\"yes\" data-elementor-lightbox-slideshow=\"d8d9677\" data-elementor-lightbox-title=\"imgi_18_20200926_161546-1920w\" data-e-action-hash=\"#elementor-action%3Aaction%3Dlightbox%26settings%3DeyJpZCI6MjAyLCJ1cmwiOiJodHRwczpcL1wvcGVudHRpb2phbGEubmdtcHJvamVrdGl0LmZpXC93cC1jb250ZW50XC91cGxvYWRzXC8yMDI2XC8wNFwvaW1naV8xOF8yMDIwMDkyNl8xNjE1NDYtMTkyMHcuanBnIiwic2xpZGVzaG93IjoiZDhkOTY3NyJ9\">\n\t\t\t\t\t<div class=\"e-gallery-image elementor-gallery-item__image\" data-thumbnail=\"https:\/\/penttiojala.ngmprojektit.fi\/wp-content\/uploads\/2026\/04\/imgi_18_20200926_161546-1920w.jpg\" data-width=\"1920\" data-height=\"953\" aria-label=\"\" role=\"img\" ><\/div>\n\t\t\t\t\t\t\t\t\t\t\t\t\t\t<\/a>\n\t\t\t\t\t<\/div>\n\t\t\t\t\t<\/div>\n\t\t\t\t\t<\/div>\n\t\t<\/div>\n\t\t\t\t\t<\/div>\n\t\t<\/section>\n\t\t\t\t<section class=\"elementor-section elementor-top-section elementor-element elementor-element-ef400d6 elementor-section-boxed elementor-section-height-default elementor-section-height-default\" data-id=\"ef400d6\" data-element_type=\"section\" data-e-type=\"section\" data-settings=\"{&quot;background_background&quot;:&quot;classic&quot;,&quot;background_motion_fx_motion_fx_scrolling&quot;:&quot;yes&quot;,&quot;background_motion_fx_scale_effect&quot;:&quot;yes&quot;,&quot;background_motion_fx_scale_direction&quot;:&quot;out-in&quot;,&quot;background_motion_fx_scale_speed&quot;:{&quot;unit&quot;:&quot;px&quot;,&quot;size&quot;:4,&quot;sizes&quot;:[]},&quot;background_motion_fx_scale_range&quot;:{&quot;unit&quot;:&quot;%&quot;,&quot;size&quot;:&quot;&quot;,&quot;sizes&quot;:{&quot;start&quot;:20,&quot;end&quot;:80}},&quot;background_motion_fx_devices&quot;:[&quot;desktop&quot;,&quot;tablet&quot;,&quot;mobile&quot;]}\">\n\t\t\t\t\t\t\t<div class=\"elementor-background-overlay\"><\/div>\n\t\t\t\t\t\t\t<div class=\"elementor-container elementor-column-gap-default\">\n\t\t\t\t\t<div class=\"elementor-column elementor-col-100 elementor-top-column elementor-element elementor-element-5b99488\" data-id=\"5b99488\" data-element_type=\"column\" data-e-type=\"column\">\n\t\t\t<div class=\"elementor-widget-wrap elementor-element-populated\">\n\t\t\t\t\t\t<div class=\"elementor-element elementor-element-a775a6b elementor-widget elementor-widget-heading\" data-id=\"a775a6b\" data-element_type=\"widget\" data-e-type=\"widget\" data-widget_type=\"heading.default\">\n\t\t\t\t\t<h2 class=\"elementor-heading-title elementor-size-default\">Ota yhteytt\u00e4 ja pyyd\u00e4 tarjous!\n<\/h2>\t\t\t\t<\/div>\n\t\t\t\t<div class=\"elementor-element elementor-element-4fd0210 elementor-widget elementor-widget-text-editor\" data-id=\"4fd0210\" data-element_type=\"widget\" data-e-type=\"widget\" data-widget_type=\"text-editor.default\">\n\t\t\t\t\t\t\t\t\t<p>Olemme sopimusliikenteen luotettava kumppani sopivasti keskell\u00e4 Suomea.<\/p>\t\t\t\t\t\t\t\t<\/div>\n\t\t\t\t<div class=\"elementor-element elementor-element-82bccd8 elementor-align-left elementor-widget__width-initial elementor-widget elementor-widget-button\" data-id=\"82bccd8\" data-element_type=\"widget\" data-e-type=\"widget\" data-widget_type=\"button.default\">\n\t\t\t\t\t\t\t\t\t\t<a class=\"elementor-button elementor-button-link elementor-size-sm elementor-animation-shrink\" href=\"#\">\n\t\t\t\t\t\t<span class=\"elementor-button-content-wrapper\">\n\t\t\t\t\t\t\t\t\t<span class=\"elementor-button-text\">Pyyd\u00e4 tarjous<\/span>\n\t\t\t\t\t<\/span>\n\t\t\t\t\t<\/a>\n\t\t\t\t\t\t\t\t<\/div>\n\t\t\t\t\t<\/div>\n\t\t<\/div>\n\t\t\t\t\t<\/div>\n\t\t<\/section>\n\t\t\t\t<\/div>\n\t\t","protected":false},"excerpt":{"rendered":"<p>Kuljetusliike Pentti Ojala Ky Luotettava kuljetusliike sopimus\u00adkumppanina Vuosikymmeni\u00e4 toiminut perheyrityksemme huolehtii toimeksiantajiemme kuljetustarpeista Suomen p\u00e4\u00e4st\u00e4 p\u00e4\u00e4h\u00e4n.\u00a0 Pyyd\u00e4 tarjous Tutustu s\u00e4ili\u00f6kuljetukseen [&hellip;]<\/p>\n","protected":false},"author":1,"featured_media":0,"parent":0,"menu_order":0,"comment_status":"closed","ping_status":"closed","template":"elementor_header_footer","meta":{"site-sidebar-layout":"no-sidebar","site-content-layout":"","ast-site-content-layout":"full-width-container","site-content-style":"default","site-sidebar-style":"default","ast-global-header-display":"","ast-banner-title-visibility":"","ast-main-header-display":"","ast-hfb-above-header-display":"","ast-hfb-below-header-display":"","ast-hfb-mobile-header-display":"","site-post-title":"","ast-breadcrumbs-content":"","ast-featured-img":"disabled","footer-sml-layout":"","ast-disable-related-posts":"","theme-transparent-header-meta":"","adv-header-id-meta":"","stick-header-meta":"","header-above-stick-meta":"","header-main-stick-meta":"","header-below-stick-meta":"","astra-migrate-meta-layouts":"default","ast-page-background-enabled":"default","ast-page-background-meta":{"desktop":{"background-color":"var(--ast-global-color-5)","background-image":"","background-repeat":"repeat","background-position":"center center","background-size":"auto","background-attachment":"scroll","background-type":"","background-media":"","overlay-type":"","overlay-color":"","overlay-opacity":"","overlay-gradient":""},"tablet":{"background-color":"","background-image":"","background-repeat":"repeat","background-position":"center center","background-size":"auto","background-attachment":"scroll","background-type":"","background-media":"","overlay-type":"","overlay-color":"","overlay-opacity":"","overlay-gradient":""},"mobile":{"background-color":"","background-image":"","background-repeat":"repeat","background-position":"center center","background-size":"auto","background-attachment":"scroll","background-type":"","background-media":"","overlay-type":"","overlay-color":"","overlay-opacity":"","overlay-gradient":""}},"ast-content-background-meta":{"desktop":{"background-color":"var(--ast-global-color-4)","background-image":"","background-repeat":"repeat","background-position":"center center","background-size":"auto","background-attachment":"scroll","background-type":"","background-media":"","overlay-type":"","overlay-color":"","overlay-opacity":"","overlay-gradient":""},"tablet":{"background-color":"var(--ast-global-color-4)","background-image":"","background-repeat":"repeat","background-position":"center center","background-size":"auto","background-attachment":"scroll","background-type":"","background-media":"","overlay-type":"","overlay-color":"","overlay-opacity":"","overlay-gradient":""},"mobile":{"background-color":"var(--ast-global-color-4)","background-image":"","background-repeat":"repeat","background-position":"center center","background-size":"auto","background-attachment":"scroll","background-type":"","background-media":"","overlay-type":"","overlay-color":"","overlay-opacity":"","overlay-gradient":""}},"footnotes":""},"class_list":["post-13","page","type-page","status-publish","hentry"],"_links":{"self":[{"href":"https:\/\/penttiojala.ngmprojektit.fi\/index.php?rest_route=\/wp\/v2\/pages\/13","targetHints":{"allow":["GET"]}}],"collection":[{"href":"https:\/\/penttiojala.ngmprojektit.fi\/index.php?rest_route=\/wp\/v2\/pages"}],"about":[{"href":"https:\/\/penttiojala.ngmprojektit.fi\/index.php?rest_route=\/wp\/v2\/types\/page"}],"author":[{"embeddable":true,"href":"https:\/\/penttiojala.ngmprojektit.fi\/index.php?rest_route=\/wp\/v2\/users\/1"}],"replies":[{"embeddable":true,"href":"https:\/\/penttiojala.ngmprojektit.fi\/index.php?rest_route=%2Fwp%2Fv2%2Fcomments&post=13"}],"version-history":[{"count":67,"href":"https:\/\/penttiojala.ngmprojektit.fi\/index.php?rest_route=\/wp\/v2\/pages\/13\/revisions"}],"predecessor-version":[{"id":205,"href":"https:\/\/penttiojala.ngmprojektit.fi\/index.php?rest_route=\/wp\/v2\/pages\/13\/revisions\/205"}],"wp:attachment":[{"href":"https:\/\/penttiojala.ngmprojektit.fi\/index.php?rest_route=%2Fwp%2Fv2%2Fmedia&parent=13"}],"curies":[{"name":"wp","href":"https:\/\/api.w.org\/{rel}","templated":true}]}}