{"id":42,"date":"2026-04-22T07:14:33","date_gmt":"2026-04-22T07:14:33","guid":{"rendered":"https:\/\/penttiojala.ngmprojektit.fi\/?page_id=42"},"modified":"2026-04-22T09:59:43","modified_gmt":"2026-04-22T09:59:43","slug":"sailiokuljetus","status":"publish","type":"page","link":"https:\/\/penttiojala.ngmprojektit.fi\/?page_id=42","title":{"rendered":"S\u00e4ili\u00f6kuljetus"},"content":{"rendered":"\t\t<div data-elementor-type=\"wp-page\" data-elementor-id=\"42\" class=\"elementor elementor-42\" data-elementor-post-type=\"page\">\n\t\t\t\t\t\t<section class=\"elementor-section elementor-top-section elementor-element elementor-element-92b2be8 elementor-section-boxed elementor-section-height-default elementor-section-height-default\" data-id=\"92b2be8\" data-element_type=\"section\" data-e-type=\"section\" data-settings=\"{&quot;background_background&quot;:&quot;classic&quot;}\">\n\t\t\t\t\t\t\t<div class=\"elementor-background-overlay\"><\/div>\n\t\t\t\t\t\t\t<div class=\"elementor-container elementor-column-gap-default\">\n\t\t\t\t\t<div class=\"elementor-column elementor-col-100 elementor-top-column elementor-element elementor-element-6626d53\" data-id=\"6626d53\" data-element_type=\"column\" data-e-type=\"column\">\n\t\t\t<div class=\"elementor-widget-wrap elementor-element-populated\">\n\t\t\t\t\t\t<div class=\"elementor-element elementor-element-2c82962 elementor-widget elementor-widget-heading\" data-id=\"2c82962\" data-element_type=\"widget\" data-e-type=\"widget\" data-widget_type=\"heading.default\">\n\t\t\t\t\t<h2 class=\"elementor-heading-title elementor-size-default\">S\u00e4ili\u00f6kuljetusten osaava ammattilainen\n<\/h2>\t\t\t\t<\/div>\n\t\t\t\t<div class=\"elementor-element elementor-element-31b02f8 elementor-widget elementor-widget-text-editor\" data-id=\"31b02f8\" data-element_type=\"widget\" data-e-type=\"widget\" data-widget_type=\"text-editor.default\">\n\t\t\t\t\t\t\t\t\t<p>Vuosikymmeni\u00e4 toiminut perheyrityksemme huolehtii toimeksiantajiemme kuljetustarpeista Suomen p\u00e4\u00e4st\u00e4 p\u00e4\u00e4h\u00e4n.\u00a0<\/p>\t\t\t\t\t\t\t\t<\/div>\n\t\t\t\t<div class=\"elementor-element elementor-element-bed0bf5 elementor-align-center elementor-widget__width-inherit elementor-widget elementor-widget-button\" data-id=\"bed0bf5\" data-element_type=\"widget\" data-e-type=\"widget\" data-widget_type=\"button.default\">\n\t\t\t\t\t\t\t\t\t\t<a class=\"elementor-button elementor-button-link elementor-size-sm elementor-animation-shrink\" href=\"#\">\n\t\t\t\t\t\t<span class=\"elementor-button-content-wrapper\">\n\t\t\t\t\t\t\t\t\t<span class=\"elementor-button-text\">Pyyd\u00e4 tarjous<\/span>\n\t\t\t\t\t<\/span>\n\t\t\t\t\t<\/a>\n\t\t\t\t\t\t\t\t<\/div>\n\t\t\t\t\t<\/div>\n\t\t<\/div>\n\t\t\t\t\t<\/div>\n\t\t<\/section>\n\t\t\t\t<section class=\"elementor-section elementor-top-section elementor-element elementor-element-eedc137 elementor-section-boxed elementor-section-height-default elementor-section-height-default\" data-id=\"eedc137\" data-element_type=\"section\" data-e-type=\"section\">\n\t\t\t\t\t\t<div class=\"elementor-container elementor-column-gap-default\">\n\t\t\t\t\t<div class=\"elementor-column elementor-col-50 elementor-top-column elementor-element elementor-element-19e6a35\" data-id=\"19e6a35\" data-element_type=\"column\" data-e-type=\"column\">\n\t\t\t<div class=\"elementor-widget-wrap elementor-element-populated\">\n\t\t\t\t\t\t<div class=\"elementor-element elementor-element-1e567fe elementor-widget elementor-widget-heading\" data-id=\"1e567fe\" data-element_type=\"widget\" data-e-type=\"widget\" data-widget_type=\"heading.default\">\n\t\t\t\t\t<h2 class=\"elementor-heading-title elementor-size-default\">S\u00e4ili\u00f6kuljetusten osaava ammattilainen\n<\/h2>\t\t\t\t<\/div>\n\t\t\t\t<div class=\"elementor-element elementor-element-22db934 elementor-widget elementor-widget-text-editor\" data-id=\"22db934\" data-element_type=\"widget\" data-e-type=\"widget\" data-widget_type=\"text-editor.default\">\n\t\t\t\t\t\t\t\t\t<p><em><strong>Kuljetamme vaarattomia sek\u00e4 ADR-luokiteltuja nesteit\u00e4 kotimaan liikenteess\u00e4 koko Suomen alueella. Huolehdimme kuljetuksista alusta loppuun asti, asiakkaan kannalta vaivattomasti ja luotettavasti.<\/strong><\/em><\/p><p>Ajamme t\u00e4ll\u00e4 hetkell\u00e4 s\u00e4ili\u00f6kuljetuksia kolmella autolla ja ty\u00f6llist\u00e4mme yritt\u00e4jien lis\u00e4ksi useita henkil\u00f6it\u00e4. Kokeneet kuljettajamme suorittavat omatoimisesti p\u00e4\u00e4osin kaikkien kuljetettavien tuotteiden lastaukset ja purkamiset.<\/p><p>Erityisosaamistamme ovat tarkkuutta ja erityisesti luotettavuutta vaativien nestekuljetusten hoitaminen. Toimeksiantaja voi keskitty\u00e4 ydinteht\u00e4viins\u00e4 ilman, ett\u00e4 kuljetukset aiheuttavat huolta.<\/p><p><em>Monesti on todettu, ett\u00e4 ihmeit\u00e4 teemme hetkess\u00e4 mutta mahdottomuudet vaativat v\u00e4h\u00e4n aikaa!<\/em><\/p>\t\t\t\t\t\t\t\t<\/div>\n\t\t\t\t<div class=\"elementor-element elementor-element-a89c22d elementor-align-left elementor-widget__width-initial elementor-widget elementor-widget-button\" data-id=\"a89c22d\" data-element_type=\"widget\" data-e-type=\"widget\" data-widget_type=\"button.default\">\n\t\t\t\t\t\t\t\t\t\t<a class=\"elementor-button elementor-button-link elementor-size-sm elementor-animation-shrink\" href=\"https:\/\/penttiojala.ngmprojektit.fi\/?page_id=46\">\n\t\t\t\t\t\t<span class=\"elementor-button-content-wrapper\">\n\t\t\t\t\t\t\t\t\t<span class=\"elementor-button-text\">Pyyd\u00e4 meilt\u00e4 tarjous<\/span>\n\t\t\t\t\t<\/span>\n\t\t\t\t\t<\/a>\n\t\t\t\t\t\t\t\t<\/div>\n\t\t\t\t\t<\/div>\n\t\t<\/div>\n\t\t\t\t<div class=\"elementor-column elementor-col-50 elementor-top-column elementor-element elementor-element-f1f96fa\" data-id=\"f1f96fa\" data-element_type=\"column\" data-e-type=\"column\" data-settings=\"{&quot;background_background&quot;:&quot;classic&quot;}\">\n\t\t\t<div class=\"elementor-widget-wrap elementor-element-populated\">\n\t\t\t\t\t\t<div class=\"elementor-element elementor-element-3b6a34d elementor-widget elementor-widget-spacer\" data-id=\"3b6a34d\" data-element_type=\"widget\" data-e-type=\"widget\" data-widget_type=\"spacer.default\">\n\t\t\t\t\t\t\t<div class=\"elementor-spacer\">\n\t\t\t<div class=\"elementor-spacer-inner\"><\/div>\n\t\t<\/div>\n\t\t\t\t\t\t<\/div>\n\t\t\t\t\t<\/div>\n\t\t<\/div>\n\t\t\t\t\t<\/div>\n\t\t<\/section>\n\t\t\t\t<section class=\"elementor-section elementor-top-section elementor-element elementor-element-006c7d8 elementor-section-boxed elementor-section-height-default elementor-section-height-default\" data-id=\"006c7d8\" data-element_type=\"section\" data-e-type=\"section\" data-settings=\"{&quot;background_background&quot;:&quot;classic&quot;}\">\n\t\t\t\t\t\t<div class=\"elementor-container elementor-column-gap-default\">\n\t\t\t\t\t<div class=\"elementor-column elementor-col-100 elementor-top-column elementor-element elementor-element-eb0ed99\" data-id=\"eb0ed99\" data-element_type=\"column\" data-e-type=\"column\">\n\t\t\t<div class=\"elementor-widget-wrap elementor-element-populated\">\n\t\t\t\t\t\t<div class=\"elementor-element elementor-element-a02c56e elementor-widget elementor-widget-heading\" data-id=\"a02c56e\" data-element_type=\"widget\" data-e-type=\"widget\" data-widget_type=\"heading.default\">\n\t\t\t\t\t<h2 class=\"elementor-heading-title elementor-size-default\">Ammatti\u00adtaitoinen henkil\u00f6kunta ja luotettava kalusto\n<\/h2>\t\t\t\t<\/div>\n\t\t\t\t<div class=\"elementor-element elementor-element-9ca5f63 elementor-widget elementor-widget-text-editor\" data-id=\"9ca5f63\" data-element_type=\"widget\" data-e-type=\"widget\" data-widget_type=\"text-editor.default\">\n\t\t\t\t\t\t\t\t\t<p>Vuosikymmenten varrella olemme kerrytt\u00e4neet kokemusta koti- ja ulkomaanliikenteess\u00e4 kattavasti erilaisista kuljetuksista jakeluliikenteest\u00e4 maansiirtoon. Ajamme nyt s\u00e4ili\u00f6kuljetuksia pitk\u00e4n ja monipuolisen kokemuksen tuomalla varmuudella.\u00a0<\/p><p>Pid\u00e4mme osaamisen tason ja ty\u00f6n laadun korkealla jatkuvalla koulutuksella. Yritt\u00e4j\u00e4t my\u00f6s osallistuvat k\u00e4yt\u00e4nn\u00f6n tasolla kaikkeen yrityksen liiketoimintaan kuljetus- ja huoltot\u00f6ist\u00e4 alkaen.\u00a0<\/p><p>Nykyaikainen kalusto takaa toimintavarmuuden kaikissa tilanteissa. Kaikki automme ovat v\u00e4hint\u00e4\u00e4n EURO 5-6 p\u00e4\u00e4st\u00f6luokituksella. Kalustomme k\u00e4ytt\u00f6varmuus on ollut huippuluokkaa. Ennakoivan huolto-ohjelman my\u00f6t\u00e4 autojen k\u00e4ytt\u00f6varmuus on ollut yli 99 %.\u00a0<\/p>\t\t\t\t\t\t\t\t<\/div>\n\t\t\t\t<div class=\"elementor-element elementor-element-10ed0c6 elementor-align-left elementor-widget__width-initial elementor-widget elementor-widget-button\" data-id=\"10ed0c6\" data-element_type=\"widget\" data-e-type=\"widget\" data-widget_type=\"button.default\">\n\t\t\t\t\t\t\t\t\t\t<a class=\"elementor-button elementor-button-link elementor-size-sm elementor-animation-shrink\" href=\"https:\/\/penttiojala.ngmprojektit.fi\/?page_id=46\">\n\t\t\t\t\t\t<span class=\"elementor-button-content-wrapper\">\n\t\t\t\t\t\t\t\t\t<span class=\"elementor-button-text\">Pyyd\u00e4 meilt\u00e4 tarjous<\/span>\n\t\t\t\t\t<\/span>\n\t\t\t\t\t<\/a>\n\t\t\t\t\t\t\t\t<\/div>\n\t\t\t\t\t<\/div>\n\t\t<\/div>\n\t\t\t\t\t<\/div>\n\t\t<\/section>\n\t\t\t\t<section class=\"elementor-section elementor-top-section elementor-element elementor-element-459f7d8 elementor-section-boxed elementor-section-height-default elementor-section-height-default\" data-id=\"459f7d8\" data-element_type=\"section\" data-e-type=\"section\" data-settings=\"{&quot;background_background&quot;:&quot;classic&quot;,&quot;background_motion_fx_motion_fx_scrolling&quot;:&quot;yes&quot;,&quot;background_motion_fx_scale_effect&quot;:&quot;yes&quot;,&quot;background_motion_fx_scale_direction&quot;:&quot;out-in&quot;,&quot;background_motion_fx_scale_speed&quot;:{&quot;unit&quot;:&quot;px&quot;,&quot;size&quot;:4,&quot;sizes&quot;:[]},&quot;background_motion_fx_scale_range&quot;:{&quot;unit&quot;:&quot;%&quot;,&quot;size&quot;:&quot;&quot;,&quot;sizes&quot;:{&quot;start&quot;:20,&quot;end&quot;:80}},&quot;background_motion_fx_devices&quot;:[&quot;desktop&quot;,&quot;tablet&quot;,&quot;mobile&quot;]}\">\n\t\t\t\t\t\t\t<div class=\"elementor-background-overlay\"><\/div>\n\t\t\t\t\t\t\t<div class=\"elementor-container elementor-column-gap-default\">\n\t\t\t\t\t<div class=\"elementor-column elementor-col-100 elementor-top-column elementor-element elementor-element-e952ae6\" data-id=\"e952ae6\" data-element_type=\"column\" data-e-type=\"column\">\n\t\t\t<div class=\"elementor-widget-wrap elementor-element-populated\">\n\t\t\t\t\t\t<div class=\"elementor-element elementor-element-e7f8fd0 elementor-widget elementor-widget-heading\" data-id=\"e7f8fd0\" data-element_type=\"widget\" data-e-type=\"widget\" data-widget_type=\"heading.default\">\n\t\t\t\t\t<h2 class=\"elementor-heading-title elementor-size-default\">Ota yhteytt\u00e4 ja pyyd\u00e4 tarjous!\n<\/h2>\t\t\t\t<\/div>\n\t\t\t\t<div class=\"elementor-element elementor-element-fc64760 elementor-widget elementor-widget-text-editor\" data-id=\"fc64760\" data-element_type=\"widget\" data-e-type=\"widget\" data-widget_type=\"text-editor.default\">\n\t\t\t\t\t\t\t\t\t<p>Olemme sopimusliikenteen luotettava kumppani sopivasti keskell\u00e4 Suomea.<\/p>\t\t\t\t\t\t\t\t<\/div>\n\t\t\t\t<div class=\"elementor-element elementor-element-302478c elementor-align-left elementor-widget__width-initial elementor-widget elementor-widget-button\" data-id=\"302478c\" data-element_type=\"widget\" data-e-type=\"widget\" data-widget_type=\"button.default\">\n\t\t\t\t\t\t\t\t\t\t<a class=\"elementor-button elementor-button-link elementor-size-sm elementor-animation-shrink\" href=\"#\">\n\t\t\t\t\t\t<span class=\"elementor-button-content-wrapper\">\n\t\t\t\t\t\t\t\t\t<span class=\"elementor-button-text\">Pyyd\u00e4 tarjous<\/span>\n\t\t\t\t\t<\/span>\n\t\t\t\t\t<\/a>\n\t\t\t\t\t\t\t\t<\/div>\n\t\t\t\t\t<\/div>\n\t\t<\/div>\n\t\t\t\t\t<\/div>\n\t\t<\/section>\n\t\t\t\t<\/div>\n\t\t","protected":false},"excerpt":{"rendered":"<p>S\u00e4ili\u00f6kuljetusten osaava ammattilainen Vuosikymmeni\u00e4 toiminut perheyrityksemme huolehtii toimeksiantajiemme kuljetustarpeista Suomen p\u00e4\u00e4st\u00e4 p\u00e4\u00e4h\u00e4n.\u00a0 Pyyd\u00e4 tarjous S\u00e4ili\u00f6kuljetusten osaava ammattilainen Kuljetamme vaarattomia sek\u00e4 [&hellip;]<\/p>\n","protected":false},"author":1,"featured_media":0,"parent":0,"menu_order":0,"comment_status":"closed","ping_status":"closed","template":"elementor_header_footer","meta":{"site-sidebar-layout":"no-sidebar","site-content-layout":"","ast-site-content-layout":"full-width-container","site-content-style":"default","site-sidebar-style":"default","ast-global-header-display":"","ast-banner-title-visibility":"","ast-main-header-display":"","ast-hfb-above-header-display":"","ast-hfb-below-header-display":"","ast-hfb-mobile-header-display":"","site-post-title":"","ast-breadcrumbs-content":"","ast-featured-img":"disabled","footer-sml-layout":"","ast-disable-related-posts":"","theme-transparent-header-meta":"","adv-header-id-meta":"","stick-header-meta":"","header-above-stick-meta":"","header-main-stick-meta":"","header-below-stick-meta":"","astra-migrate-meta-layouts":"default","ast-page-background-enabled":"default","ast-page-background-meta":{"desktop":{"background-color":"var(--ast-global-color-5)","background-image":"","background-repeat":"repeat","background-position":"center center","background-size":"auto","background-attachment":"scroll","background-type":"","background-media":"","overlay-type":"","overlay-color":"","overlay-opacity":"","overlay-gradient":""},"tablet":{"background-color":"","background-image":"","background-repeat":"repeat","background-position":"center center","background-size":"auto","background-attachment":"scroll","background-type":"","background-media":"","overlay-type":"","overlay-color":"","overlay-opacity":"","overlay-gradient":""},"mobile":{"background-color":"","background-image":"","background-repeat":"repeat","background-position":"center center","background-size":"auto","background-attachment":"scroll","background-type":"","background-media":"","overlay-type":"","overlay-color":"","overlay-opacity":"","overlay-gradient":""}},"ast-content-background-meta":{"desktop":{"background-color":"var(--ast-global-color-4)","background-image":"","background-repeat":"repeat","background-position":"center center","background-size":"auto","background-attachment":"scroll","background-type":"","background-media":"","overlay-type":"","overlay-color":"","overlay-opacity":"","overlay-gradient":""},"tablet":{"background-color":"var(--ast-global-color-4)","background-image":"","background-repeat":"repeat","background-position":"center center","background-size":"auto","background-attachment":"scroll","background-type":"","background-media":"","overlay-type":"","overlay-color":"","overlay-opacity":"","overlay-gradient":""},"mobile":{"background-color":"var(--ast-global-color-4)","background-image":"","background-repeat":"repeat","background-position":"center center","background-size":"auto","background-attachment":"scroll","background-type":"","background-media":"","overlay-type":"","overlay-color":"","overlay-opacity":"","overlay-gradient":""}},"footnotes":""},"class_list":["post-42","page","type-page","status-publish","hentry"],"_links":{"self":[{"href":"https:\/\/penttiojala.ngmprojektit.fi\/index.php?rest_route=\/wp\/v2\/pages\/42","targetHints":{"allow":["GET"]}}],"collection":[{"href":"https:\/\/penttiojala.ngmprojektit.fi\/index.php?rest_route=\/wp\/v2\/pages"}],"about":[{"href":"https:\/\/penttiojala.ngmprojektit.fi\/index.php?rest_route=\/wp\/v2\/types\/page"}],"author":[{"embeddable":true,"href":"https:\/\/penttiojala.ngmprojektit.fi\/index.php?rest_route=\/wp\/v2\/users\/1"}],"replies":[{"embeddable":true,"href":"https:\/\/penttiojala.ngmprojektit.fi\/index.php?rest_route=%2Fwp%2Fv2%2Fcomments&post=42"}],"version-history":[{"count":22,"href":"https:\/\/penttiojala.ngmprojektit.fi\/index.php?rest_route=\/wp\/v2\/pages\/42\/revisions"}],"predecessor-version":[{"id":140,"href":"https:\/\/penttiojala.ngmprojektit.fi\/index.php?rest_route=\/wp\/v2\/pages\/42\/revisions\/140"}],"wp:attachment":[{"href":"https:\/\/penttiojala.ngmprojektit.fi\/index.php?rest_route=%2Fwp%2Fv2%2Fmedia&parent=42"}],"curies":[{"name":"wp","href":"https:\/\/api.w.org\/{rel}","templated":true}]}}